{"id":59,"date":"2022-10-11T18:31:51","date_gmt":"2022-10-11T18:31:51","guid":{"rendered":"https:\/\/www.confortmh.ca\/?page_id=59"},"modified":"2024-08-20T13:42:02","modified_gmt":"2024-08-20T13:42:02","slug":"a-propos","status":"publish","type":"page","link":"https:\/\/www.confortmh.ca\/en\/a-propos\/","title":{"rendered":"About"},"content":{"rendered":"<div data-elementor-type=\"wp-page\" data-elementor-id=\"59\" class=\"elementor elementor-59\" data-elementor-post-type=\"page\">\n\t\t\t\t\t\t<section class=\"elementor-section elementor-top-section elementor-element elementor-element-042f622 elementor-section-boxed elementor-section-height-default elementor-section-height-default\" data-id=\"042f622\" data-element_type=\"section\" data-settings=\"{&quot;background_background&quot;:&quot;classic&quot;}\">\n\t\t\t\t\t\t\t<div class=\"elementor-background-overlay\"><\/div>\n\t\t\t\t\t\t\t<div class=\"elementor-container elementor-column-gap-default\">\n\t\t\t\t\t<div class=\"elementor-column elementor-col-100 elementor-top-column elementor-element elementor-element-350a8f6\" data-id=\"350a8f6\" data-element_type=\"column\">\n\t\t\t<div class=\"elementor-widget-wrap elementor-element-populated\">\n\t\t\t\t\t\t<div class=\"elementor-element elementor-element-265ec6b elementor-widget elementor-widget-breadcrumbs\" data-id=\"265ec6b\" data-element_type=\"widget\" data-widget_type=\"breadcrumbs.default\">\n\t\t\t\t<div class=\"elementor-widget-container\">\n\t\t\t\t\t<p id=\"breadcrumbs\"><span><span><a href=\"https:\/\/www.confortmh.ca\/en\/\">Home<\/a><\/span><\/span><\/p>\t\t\t\t<\/div>\n\t\t\t\t<\/div>\n\t\t\t\t<div class=\"elementor-element elementor-element-e63093a elementor-widget elementor-widget-heading\" data-id=\"e63093a\" data-element_type=\"widget\" data-widget_type=\"heading.default\">\n\t\t\t\t<div class=\"elementor-widget-container\">\n\t\t\t\t\t<h1 class=\"elementor-heading-title elementor-size-default\">\u00c0 PROPOS<\/h1>\t\t\t\t<\/div>\n\t\t\t\t<\/div>\n\t\t\t\t\t<\/div>\n\t\t<\/div>\n\t\t\t\t\t<\/div>\n\t\t<\/section>\n\t\t\t\t<section class=\"elementor-section elementor-top-section elementor-element elementor-element-05e6d0c elementor-section-content-middle elementor-reverse-mobile elementor-section-boxed elementor-section-height-default elementor-section-height-default\" data-id=\"05e6d0c\" data-element_type=\"section\">\n\t\t\t\t\t\t<div class=\"elementor-container elementor-column-gap-no\">\n\t\t\t\t\t<div class=\"elementor-column elementor-col-50 elementor-top-column elementor-element elementor-element-32bb277\" data-id=\"32bb277\" data-element_type=\"column\">\n\t\t\t<div class=\"elementor-widget-wrap elementor-element-populated\">\n\t\t\t\t\t\t<div class=\"elementor-element elementor-element-ea79926 elementor-widget elementor-widget-heading\" data-id=\"ea79926\" data-element_type=\"widget\" data-widget_type=\"heading.default\">\n\t\t\t\t<div class=\"elementor-widget-container\">\n\t\t\t\t\t<h2 class=\"elementor-heading-title elementor-size-default\">Notre vision<\/h2>\t\t\t\t<\/div>\n\t\t\t\t<\/div>\n\t\t\t\t<div class=\"elementor-element elementor-element-ad0ef58 elementor-widget elementor-widget-text-editor\" data-id=\"ad0ef58\" data-element_type=\"widget\" data-widget_type=\"text-editor.default\">\n\t\t\t\t<div class=\"elementor-widget-container\">\n\t\t\t\t\t\t\t\t\t<div id=\"comp-k19i0wku7\" class=\"txtNew\" data-packed=\"true\"><p class=\"font_8\">Confort MH vous propose une gamme compl\u00e8te et diversifi\u00e9e de produits adapt\u00e9s \u00e0 vos besoins. Nous jouissons d&rsquo;une bonne r\u00e9putation irr\u00e9prochable depuis plus de 10 ans et nous sommes fiers d&rsquo;offrir un service de qualit\u00e9 \u00e0 nos clients. Laissez nos experts vous guider et vous conseiller de l&rsquo;achat \u00e0 l&rsquo;installation de nouveaux \u00e9quipements.<\/p><\/div>\t\t\t\t\t\t\t\t<\/div>\n\t\t\t\t<\/div>\n\t\t\t\t\t<\/div>\n\t\t<\/div>\n\t\t\t\t<div class=\"elementor-column elementor-col-50 elementor-top-column elementor-element elementor-element-01c034c\" data-id=\"01c034c\" data-element_type=\"column\">\n\t\t\t<div class=\"elementor-widget-wrap elementor-element-populated\">\n\t\t\t\t\t\t<div class=\"elementor-element elementor-element-b3f5c30 elementor-widget elementor-widget-video\" data-id=\"b3f5c30\" data-element_type=\"widget\" data-settings=\"{&quot;video_type&quot;:&quot;hosted&quot;,&quot;controls&quot;:&quot;yes&quot;}\" data-widget_type=\"video.default\">\n\t\t\t\t<div class=\"elementor-widget-container\">\n\t\t\t\t\t\t\t<div class=\"e-hosted-video elementor-wrapper elementor-open-inline\">\n\t\t\t\t\t<video class=\"elementor-video\" src=\"https:\/\/www.confortmh.ca\/wp-content\/uploads\/2024\/03\/Confort-MH-2.mp4\" controls=\"\" preload=\"metadata\" controlslist=\"nodownload\" poster=\"https:\/\/www.confortmh.ca\/wp-content\/uploads\/2024\/03\/Screenshot-2024-03-03-at-5.25.33\u202fPM.png\"><\/video>\n\t\t\t\t<\/div>\n\t\t\t\t\t\t<\/div>\n\t\t\t\t<\/div>\n\t\t\t\t\t<\/div>\n\t\t<\/div>\n\t\t\t\t\t<\/div>\n\t\t<\/section>\n\t\t\t\t<section class=\"elementor-section elementor-top-section elementor-element elementor-element-3b84c9b elementor-section-full_width elementor-section-height-default elementor-section-height-default\" data-id=\"3b84c9b\" data-element_type=\"section\">\n\t\t\t\t\t\t<div class=\"elementor-container elementor-column-gap-no\">\n\t\t\t\t\t<div class=\"elementor-column elementor-col-100 elementor-top-column elementor-element elementor-element-2c38b15\" data-id=\"2c38b15\" data-element_type=\"column\">\n\t\t\t<div class=\"elementor-widget-wrap elementor-element-populated\">\n\t\t\t\t\t\t<div class=\"elementor-element elementor-element-9e81971 elementor-widget elementor-widget-image-carousel\" data-id=\"9e81971\" data-element_type=\"widget\" data-settings=\"{&quot;slides_to_show&quot;:&quot;5&quot;,&quot;slides_to_show_tablet&quot;:&quot;3&quot;,&quot;slides_to_show_mobile&quot;:&quot;2&quot;,&quot;navigation&quot;:&quot;none&quot;,&quot;pause_on_hover&quot;:&quot;no&quot;,&quot;pause_on_interaction&quot;:&quot;no&quot;,&quot;autoplay_speed&quot;:0,&quot;speed&quot;:2000,&quot;autoplay&quot;:&quot;yes&quot;,&quot;infinite&quot;:&quot;yes&quot;}\" data-widget_type=\"image-carousel.default\">\n\t\t\t\t<div class=\"elementor-widget-container\">\n\t\t\t\t\t\t\t<div class=\"elementor-image-carousel-wrapper swiper\" role=\"region\" aria-roledescription=\"carousel\" aria-label=\"Image Carousel\" dir=\"ltr\" data-no-translation-aria-label=\"\">\n\t\t\t<div class=\"elementor-image-carousel swiper-wrapper\" aria-live=\"off\">\n\t\t\t\t\t\t\t\t<div class=\"swiper-slide\" role=\"group\" aria-roledescription=\"slide\" aria-label=\"1 of 7\" data-no-translation-aria-label=\"\"><figure class=\"swiper-slide-inner\"><img decoding=\"async\" class=\"swiper-slide-image\" src=\"https:\/\/www.confortmh.ca\/wp-content\/uploads\/2022\/10\/Sans-titre-27-1-150x150.png\" alt=\"Sans titre (27) (1)\" \/><\/figure><\/div><div class=\"swiper-slide\" role=\"group\" aria-roledescription=\"slide\" aria-label=\"2 of 7\" data-no-translation-aria-label=\"\"><figure class=\"swiper-slide-inner\"><img decoding=\"async\" class=\"swiper-slide-image\" src=\"https:\/\/www.confortmh.ca\/wp-content\/uploads\/2022\/10\/Sans-titre-32-150x150.png\" alt=\"Sans titre (32)\" \/><\/figure><\/div><div class=\"swiper-slide\" role=\"group\" aria-roledescription=\"slide\" aria-label=\"3 of 7\" data-no-translation-aria-label=\"\"><figure class=\"swiper-slide-inner\"><img decoding=\"async\" class=\"swiper-slide-image\" src=\"https:\/\/www.confortmh.ca\/wp-content\/uploads\/2022\/10\/Sans-titre-31-150x150.png\" alt=\"Sans titre (31)\" \/><\/figure><\/div><div class=\"swiper-slide\" role=\"group\" aria-roledescription=\"slide\" aria-label=\"4 of 7\" data-no-translation-aria-label=\"\"><figure class=\"swiper-slide-inner\"><img decoding=\"async\" class=\"swiper-slide-image\" src=\"https:\/\/www.confortmh.ca\/wp-content\/uploads\/2022\/10\/Sans-titre-30-150x150.png\" alt=\"Sans titre (30)\" \/><\/figure><\/div><div class=\"swiper-slide\" role=\"group\" aria-roledescription=\"slide\" aria-label=\"5 of 7\" data-no-translation-aria-label=\"\"><figure class=\"swiper-slide-inner\"><img decoding=\"async\" class=\"swiper-slide-image\" src=\"https:\/\/www.confortmh.ca\/wp-content\/uploads\/2022\/10\/Sans-titre-29-150x150.png\" alt=\"Sans titre (29)\" \/><\/figure><\/div><div class=\"swiper-slide\" role=\"group\" aria-roledescription=\"slide\" aria-label=\"6 of 7\" data-no-translation-aria-label=\"\"><figure class=\"swiper-slide-inner\"><img decoding=\"async\" class=\"swiper-slide-image\" src=\"https:\/\/www.confortmh.ca\/wp-content\/uploads\/2022\/10\/Sans-titre-28-150x150.png\" alt=\"Sans titre (28)\" \/><\/figure><\/div><div class=\"swiper-slide\" role=\"group\" aria-roledescription=\"slide\" aria-label=\"7 of 7\" data-no-translation-aria-label=\"\"><figure class=\"swiper-slide-inner\"><img decoding=\"async\" class=\"swiper-slide-image\" src=\"https:\/\/www.confortmh.ca\/wp-content\/uploads\/2022\/10\/Sans-titre-33-150x150.png\" alt=\"Sans titre (33)\" \/><\/figure><\/div>\t\t\t<\/div>\n\t\t\t\t\t\t\t\n\t\t\t\t\t\t\t\t\t<\/div>\n\t\t\t\t\t\t<\/div>\n\t\t\t\t<\/div>\n\t\t\t\t\t<\/div>\n\t\t<\/div>\n\t\t\t\t\t<\/div>\n\t\t<\/section>\n\t\t\t\t<\/div>","protected":false},"excerpt":{"rendered":"<p>\u00c0 PROPOS Notre vision Confort MH vous propose une gamme compl\u00e8te et diversifi\u00e9e de produits adapt\u00e9s \u00e0 vos besoins. Nous jouissons d&rsquo;une bonne r\u00e9putation irr\u00e9prochable depuis plus de 10 ans et nous sommes fiers d&rsquo;offrir un service de qualit\u00e9 \u00e0 nos clients. Laissez nos experts vous guider et vous conseiller de l&rsquo;achat \u00e0 l&rsquo;installation de [&hellip;]<\/p>","protected":false},"author":1,"featured_media":337,"parent":0,"menu_order":0,"comment_status":"closed","ping_status":"closed","template":"elementor_header_footer","meta":{"footnotes":""},"class_list":["post-59","page","type-page","status-publish","has-post-thumbnail","hentry","entry","has-media"],"yoast_head":"<!-- This site is optimized with the Yoast SEO plugin v25.7 - https:\/\/yoast.com\/wordpress\/plugins\/seo\/ -->\n<title>\u00c0 propos - Confort MH<\/title>\n<meta name=\"description\" content=\"Confort MH, expert en climatisation et chauffage avec plus de 10 ans d&#039;exp\u00e9rience, offre des produits adapt\u00e9s et un service irr\u00e9prochable.\" \/>\n<meta name=\"robots\" content=\"index, follow, max-snippet:-1, max-image-preview:large, max-video-preview:-1\" \/>\n<link rel=\"canonical\" href=\"https:\/\/www.confortmh.ca\/en\/a-propos\/\" \/>\n<meta property=\"og:locale\" content=\"en_US\" \/>\n<meta property=\"og:type\" content=\"article\" \/>\n<meta property=\"og:title\" content=\"\u00c0 propos - Confort MH\" \/>\n<meta property=\"og:description\" content=\"Confort MH, expert en climatisation et chauffage avec plus de 10 ans d&#039;exp\u00e9rience, offre des produits adapt\u00e9s et un service irr\u00e9prochable.\" \/>\n<meta property=\"og:url\" content=\"https:\/\/www.confortmh.ca\/en\/a-propos\/\" \/>\n<meta property=\"og:site_name\" content=\"Confort MH\" \/>\n<meta property=\"article:modified_time\" content=\"2024-08-20T13:42:02+00:00\" \/>\n<meta property=\"og:image\" content=\"https:\/\/www.confortmh.ca\/wp-content\/uploads\/2022\/10\/van1.psd-3-1.png\" \/>\n\t<meta property=\"og:image:width\" content=\"2016\" \/>\n\t<meta property=\"og:image:height\" content=\"1512\" \/>\n\t<meta property=\"og:image:type\" content=\"image\/png\" \/>\n<meta name=\"twitter:card\" content=\"summary_large_image\" \/>\n<meta name=\"twitter:label1\" content=\"Est. reading time\" \/>\n\t<meta name=\"twitter:data1\" content=\"2 minutes\" \/>\n<script type=\"application\/ld+json\" class=\"yoast-schema-graph\">{\"@context\":\"https:\/\/schema.org\",\"@graph\":[{\"@type\":\"WebPage\",\"@id\":\"https:\/\/www.confortmh.ca\/a-propos\/\",\"url\":\"https:\/\/www.confortmh.ca\/a-propos\/\",\"name\":\"\u00c0 propos - Confort MH\",\"isPartOf\":{\"@id\":\"https:\/\/www.confortmh.ca\/#website\"},\"primaryImageOfPage\":{\"@id\":\"https:\/\/www.confortmh.ca\/a-propos\/#primaryimage\"},\"image\":{\"@id\":\"https:\/\/www.confortmh.ca\/a-propos\/#primaryimage\"},\"thumbnailUrl\":\"https:\/\/www.confortmh.ca\/wp-content\/uploads\/2022\/10\/van1.psd-3-1.png\",\"datePublished\":\"2022-10-11T18:31:51+00:00\",\"dateModified\":\"2024-08-20T13:42:02+00:00\",\"description\":\"Confort MH, expert en climatisation et chauffage avec plus de 10 ans d'exp\u00e9rience, offre des produits adapt\u00e9s et un service irr\u00e9prochable.\",\"breadcrumb\":{\"@id\":\"https:\/\/www.confortmh.ca\/a-propos\/#breadcrumb\"},\"inLanguage\":\"en-CA\",\"potentialAction\":[{\"@type\":\"ReadAction\",\"target\":[\"https:\/\/www.confortmh.ca\/a-propos\/\"]}]},{\"@type\":\"ImageObject\",\"inLanguage\":\"en-CA\",\"@id\":\"https:\/\/www.confortmh.ca\/a-propos\/#primaryimage\",\"url\":\"https:\/\/www.confortmh.ca\/wp-content\/uploads\/2022\/10\/van1.psd-3-1.png\",\"contentUrl\":\"https:\/\/www.confortmh.ca\/wp-content\/uploads\/2022\/10\/van1.psd-3-1.png\",\"width\":2016,\"height\":1512},{\"@type\":\"BreadcrumbList\",\"@id\":\"https:\/\/www.confortmh.ca\/a-propos\/#breadcrumb\",\"itemListElement\":[{\"@type\":\"ListItem\",\"position\":1,\"name\":\"Accueil\",\"item\":\"https:\/\/www.confortmh.ca\/\"},{\"@type\":\"ListItem\",\"position\":2,\"name\":\"\u00c0 propos\"}]},{\"@type\":\"WebSite\",\"@id\":\"https:\/\/www.confortmh.ca\/#website\",\"url\":\"https:\/\/www.confortmh.ca\/\",\"name\":\"Confort MH\",\"description\":\"Entrepreneur sp\u00e9cialis\u00e9 en climatisation et chauffage\",\"potentialAction\":[{\"@type\":\"SearchAction\",\"target\":{\"@type\":\"EntryPoint\",\"urlTemplate\":\"https:\/\/www.confortmh.ca\/?s={search_term_string}\"},\"query-input\":{\"@type\":\"PropertyValueSpecification\",\"valueRequired\":true,\"valueName\":\"search_term_string\"}}],\"inLanguage\":\"en-CA\"}]}<\/script>\n<!-- \/ Yoast SEO plugin. -->","yoast_head_json":{"title":"\u00c0 propos - Confort MH","description":"Confort MH, expert en climatisation et chauffage avec plus de 10 ans d'exp\u00e9rience, offre des produits adapt\u00e9s et un service irr\u00e9prochable.","robots":{"index":"index","follow":"follow","max-snippet":"max-snippet:-1","max-image-preview":"max-image-preview:large","max-video-preview":"max-video-preview:-1"},"canonical":"https:\/\/www.confortmh.ca\/en\/a-propos\/","og_locale":"en_US","og_type":"article","og_title":"\u00c0 propos - Confort MH","og_description":"Confort MH, expert en climatisation et chauffage avec plus de 10 ans d'exp\u00e9rience, offre des produits adapt\u00e9s et un service irr\u00e9prochable.","og_url":"https:\/\/www.confortmh.ca\/en\/a-propos\/","og_site_name":"Confort MH","article_modified_time":"2024-08-20T13:42:02+00:00","og_image":[{"width":2016,"height":1512,"url":"https:\/\/www.confortmh.ca\/wp-content\/uploads\/2022\/10\/van1.psd-3-1.png","type":"image\/png"}],"twitter_card":"summary_large_image","twitter_misc":{"Est. reading time":"2 minutes"},"schema":{"@context":"https:\/\/schema.org","@graph":[{"@type":"WebPage","@id":"https:\/\/www.confortmh.ca\/a-propos\/","url":"https:\/\/www.confortmh.ca\/a-propos\/","name":"\u00c0 propos - Confort MH","isPartOf":{"@id":"https:\/\/www.confortmh.ca\/#website"},"primaryImageOfPage":{"@id":"https:\/\/www.confortmh.ca\/a-propos\/#primaryimage"},"image":{"@id":"https:\/\/www.confortmh.ca\/a-propos\/#primaryimage"},"thumbnailUrl":"https:\/\/www.confortmh.ca\/wp-content\/uploads\/2022\/10\/van1.psd-3-1.png","datePublished":"2022-10-11T18:31:51+00:00","dateModified":"2024-08-20T13:42:02+00:00","description":"Confort MH, expert en climatisation et chauffage avec plus de 10 ans d'exp\u00e9rience, offre des produits adapt\u00e9s et un service irr\u00e9prochable.","breadcrumb":{"@id":"https:\/\/www.confortmh.ca\/a-propos\/#breadcrumb"},"inLanguage":"en-CA","potentialAction":[{"@type":"ReadAction","target":["https:\/\/www.confortmh.ca\/a-propos\/"]}]},{"@type":"ImageObject","inLanguage":"en-CA","@id":"https:\/\/www.confortmh.ca\/a-propos\/#primaryimage","url":"https:\/\/www.confortmh.ca\/wp-content\/uploads\/2022\/10\/van1.psd-3-1.png","contentUrl":"https:\/\/www.confortmh.ca\/wp-content\/uploads\/2022\/10\/van1.psd-3-1.png","width":2016,"height":1512},{"@type":"BreadcrumbList","@id":"https:\/\/www.confortmh.ca\/a-propos\/#breadcrumb","itemListElement":[{"@type":"ListItem","position":1,"name":"Accueil","item":"https:\/\/www.confortmh.ca\/"},{"@type":"ListItem","position":2,"name":"\u00c0 propos"}]},{"@type":"WebSite","@id":"https:\/\/www.confortmh.ca\/#website","url":"https:\/\/www.confortmh.ca\/","name":"Confort MH","description":"Entrepreneur sp\u00e9cialis\u00e9 en climatisation et chauffage","potentialAction":[{"@type":"SearchAction","target":{"@type":"EntryPoint","urlTemplate":"https:\/\/www.confortmh.ca\/?s={search_term_string}"},"query-input":{"@type":"PropertyValueSpecification","valueRequired":true,"valueName":"search_term_string"}}],"inLanguage":"en-CA"}]}},"_links":{"self":[{"href":"https:\/\/www.confortmh.ca\/en\/wp-json\/wp\/v2\/pages\/59","targetHints":{"allow":["GET"]}}],"collection":[{"href":"https:\/\/www.confortmh.ca\/en\/wp-json\/wp\/v2\/pages"}],"about":[{"href":"https:\/\/www.confortmh.ca\/en\/wp-json\/wp\/v2\/types\/page"}],"author":[{"embeddable":true,"href":"https:\/\/www.confortmh.ca\/en\/wp-json\/wp\/v2\/users\/1"}],"replies":[{"embeddable":true,"href":"https:\/\/www.confortmh.ca\/en\/wp-json\/wp\/v2\/comments?post=59"}],"version-history":[{"count":40,"href":"https:\/\/www.confortmh.ca\/en\/wp-json\/wp\/v2\/pages\/59\/revisions"}],"predecessor-version":[{"id":3365,"href":"https:\/\/www.confortmh.ca\/en\/wp-json\/wp\/v2\/pages\/59\/revisions\/3365"}],"wp:featuredmedia":[{"embeddable":true,"href":"https:\/\/www.confortmh.ca\/en\/wp-json\/wp\/v2\/media\/337"}],"wp:attachment":[{"href":"https:\/\/www.confortmh.ca\/en\/wp-json\/wp\/v2\/media?parent=59"}],"curies":[{"name":"wp","href":"https:\/\/api.w.org\/{rel}","templated":true}]}}