{"id":4909,"date":"2025-07-07T16:40:28","date_gmt":"2025-07-07T16:40:28","guid":{"rendered":"https:\/\/www.confortmh.ca\/?page_id=4909"},"modified":"2025-07-07T18:15:36","modified_gmt":"2025-07-07T18:15:36","slug":"formulaire-de-satisfaction","status":"publish","type":"page","link":"https:\/\/www.confortmh.ca\/en\/formulaire-de-satisfaction\/","title":{"rendered":"Formulaire de satisfaction"},"content":{"rendered":"<div data-elementor-type=\"wp-page\" data-elementor-id=\"4909\" class=\"elementor elementor-4909\" data-elementor-post-type=\"page\">\n\t\t\t\t\t\t<section class=\"elementor-section elementor-top-section elementor-element elementor-element-27e786e elementor-section-boxed elementor-section-height-default elementor-section-height-default\" data-id=\"27e786e\" data-element_type=\"section\">\n\t\t\t\t\t\t<div class=\"elementor-container elementor-column-gap-default\">\n\t\t\t\t\t<div class=\"elementor-column elementor-col-100 elementor-top-column elementor-element elementor-element-1afa8b8\" data-id=\"1afa8b8\" data-element_type=\"column\">\n\t\t\t<div class=\"elementor-widget-wrap elementor-element-populated\">\n\t\t\t\t\t\t<div class=\"elementor-element elementor-element-f0dd668 elementor-widget elementor-widget-html\" data-id=\"f0dd668\" data-element_type=\"widget\" data-widget_type=\"html.default\">\n\t\t\t\t<div class=\"elementor-widget-container\">\n\t\t\t\t\t<script>\n  window.addEventListener(\"DOMContentLoaded\", function () {\n    const params = new URLSearchParams(window.location.search);\n    const email = params.get(\"email\");\n    const note = params.get(\"note\");\n\n    fetch(\"https:\/\/script.google.com\/macros\/s\/AKfycbxKxBxGbpNCabcu12797jXOamqiXGqNknUjZzm8l0Fvi3iZF8_VQhCTrC1ATpn1nbnC\/exec\", {\n      method: \"POST\",\n      headers: { \"Content-Type\": \"application\/json\" },\n      body: JSON.stringify({\n        email: email,\n        note: note,\n        timestamp: new Date().toISOString()\n      })\n    });\n  });\n<\/script>\n\t\t\t\t<\/div>\n\t\t\t\t<\/div>\n\t\t\t\t<div class=\"elementor-element elementor-element-1919b0c elementor-widget elementor-widget-heading\" data-id=\"1919b0c\" data-element_type=\"widget\" data-widget_type=\"heading.default\">\n\t\t\t\t<div class=\"elementor-widget-container\">\n\t\t\t\t\t<h2 class=\"elementor-heading-title elementor-size-default\">Formulaire de satisfaction<\/h2>\t\t\t\t<\/div>\n\t\t\t\t<\/div>\n\t\t\t\t<div class=\"elementor-element elementor-element-f722644 elementor-widget elementor-widget-text-editor\" data-id=\"f722644\" data-element_type=\"widget\" data-widget_type=\"text-editor.default\">\n\t\t\t\t<div class=\"elementor-widget-container\">\n\t\t\t\t\t\t\t\t\t<p>Merci beaucoup d\u2019avoir pris un moment pour nous dire ce que vous avez pens\u00e9 de notre service. Si vous avez quelques instants de plus, nous aimerions beaucoup conna\u00eetre votre avis plus en d\u00e9tail. Vos commentaires nous aident \u00e0 nous am\u00e9liorer et \u00e0 offrir une meilleure exp\u00e9rience \u00e0 tous nos clients. Notre \u00e9quipe en prendra note dans les plus bref d\u00e9lais.<\/p>\t\t\t\t\t\t\t\t<\/div>\n\t\t\t\t<\/div>\n\t\t\t\t<div class=\"elementor-element elementor-element-6caf07d elementor-button-align-stretch elementor-widget elementor-widget-form\" data-id=\"6caf07d\" data-element_type=\"widget\" data-settings=\"{&quot;step_next_label&quot;:&quot;Suivant&quot;,&quot;step_previous_label&quot;:&quot;Pr\\u00e9c\\u00e9dent&quot;,&quot;button_width&quot;:&quot;100&quot;,&quot;step_type&quot;:&quot;number_text&quot;,&quot;step_icon_shape&quot;:&quot;circle&quot;}\" data-widget_type=\"form.default\">\n\t\t\t\t<div class=\"elementor-widget-container\">\n\t\t\t\t\t\t\t<form class=\"elementor-form\" method=\"post\" name=\"Contact\" aria-label=\"Contact\" action=\"\">\n\t\t\t<input type=\"hidden\" name=\"post_id\" value=\"4909\"\/>\n\t\t\t<input type=\"hidden\" name=\"form_id\" value=\"6caf07d\"\/>\n\t\t\t<input type=\"hidden\" name=\"referer_title\" value=\"Confort MH\" \/>\n\n\t\t\t\n\t\t\t<div class=\"elementor-form-fields-wrapper elementor-labels-above\">\n\t\t\t\t\t\t\t\t<div class=\"elementor-field-type-textarea elementor-field-group elementor-column elementor-field-group-email elementor-col-100 elementor-field-required\">\n\t\t\t\t\t\t\t\t\t\t\t\t<label for=\"form-field-email\" class=\"elementor-field-label\">\n\t\t\t\t\t\t\t\tY a-t-il un aspect de notre service que vous avez particuli\u00e8rement aim\u00e9 ou pas aim\u00e9 ?\t\t\t\t\t\t\t<\/label>\n\t\t\t\t\t\t<textarea class=\"elementor-field-textual elementor-field  elementor-size-sm\" name=\"form_fields[email]\" id=\"form-field-email\" rows=\"1\" placeholder=\"ex : qualit\u00e9 du travail, d\u00e9lais, attitude du technicien, propret\u00e9, etc.\" required=\"required\"><\/textarea>\t\t\t\t<\/div>\n\t\t\t\t\t\t\t\t<div class=\"elementor-field-type-textarea elementor-field-group elementor-column elementor-field-group-field_3ab1b61 elementor-col-100 elementor-field-required\">\n\t\t\t\t\t\t\t\t\t\t\t\t<label for=\"form-field-field_3ab1b61\" class=\"elementor-field-label\">\n\t\t\t\t\t\t\t\tAuriez-vous des suggestions pour que nous puissions mieux vous servir \u00e0 l\u2019avenir ?\t\t\t\t\t\t\t<\/label>\n\t\t\t\t\t\t<textarea class=\"elementor-field-textual elementor-field  elementor-size-sm\" name=\"form_fields[field_3ab1b61]\" id=\"form-field-field_3ab1b61\" rows=\"1\" placeholder=\"ex : qualit\u00e9 du travail, d\u00e9lais, attitude du technicien, propret\u00e9, etc.\" required=\"required\"><\/textarea>\t\t\t\t<\/div>\n\t\t\t\t\t\t\t\t<div class=\"elementor-field-type-select elementor-field-group elementor-column elementor-field-group-field_02d7b24 elementor-col-100 elementor-field-required\">\n\t\t\t\t\t\t\t\t\t\t\t\t<label for=\"form-field-field_02d7b24\" class=\"elementor-field-label\">\n\t\t\t\t\t\t\t\tRecommanderiez-vous notre entreprise \u00e0 un de vos proches ?\t\t\t\t\t\t\t<\/label>\n\t\t\t\t\t\t\t\t<div class=\"elementor-field elementor-select-wrapper remove-before\">\n\t\t\t<div class=\"select-caret-down-wrapper\">\n\t\t\t\t<i aria-hidden=\"true\" class=\"eicon-caret-down\"><\/i>\t\t\t<\/div>\n\t\t\t<select name=\"form_fields[field_02d7b24]\" id=\"form-field-field_02d7b24\" class=\"elementor-field-textual elementor-size-sm\" required=\"required\">\n\t\t\t\t\t\t\t\t\t<option value=\"\">S\u00e9lectionnez une r\u00e9ponse<\/option>\n\t\t\t\t\t\t\t\t\t<option value=\"\">Oui<\/option>\n\t\t\t\t\t\t\t\t\t<option value=\"\">Non<\/option>\n\t\t\t\t\t\t\t<\/select>\n\t\t<\/div>\n\t\t\t\t\t\t<\/div>\n\t\t\t\t\t\t\t\t<div class=\"elementor-field-type-textarea elementor-field-group elementor-column elementor-field-group-message elementor-col-100\">\n\t\t\t\t\t\t\t\t\t\t\t\t<label for=\"form-field-message\" class=\"elementor-field-label\">\n\t\t\t\t\t\t\t\tNote (facultatif)\t\t\t\t\t\t\t<\/label>\n\t\t\t\t\t\t<textarea class=\"elementor-field-textual elementor-field  elementor-size-sm\" name=\"form_fields[message]\" id=\"form-field-message\" rows=\"2\" placeholder=\"N&#039;h\u00e9sitez pas \u00e0 ajouter des commentaires suppl\u00e9mentaires ici, si n\u00e9cessaire.\"><\/textarea>\t\t\t\t<\/div>\n\t\t\t\t\t\t\t\t<div class=\"elementor-field-type-recaptcha_v3 elementor-field-group elementor-column elementor-field-group-field_bb24c9c elementor-col-100 recaptcha_v3-bottomright\">\n\t\t\t\t\t<div class=\"elementor-field\" id=\"form-field-field_bb24c9c\"><div class=\"elementor-g-recaptcha\" data-sitekey=\"6Lc48G0qAAAAAHSts5pDuSfoEamYshDCW4SrO2_j\" data-type=\"v3\" data-action=\"Form\" data-badge=\"bottomright\" data-size=\"invisible\"><\/div><\/div>\t\t\t\t<\/div>\n\t\t\t\t\t\t\t\t<div class=\"elementor-field-group elementor-column elementor-field-type-submit elementor-col-100 e-form__buttons\">\n\t\t\t\t\t<button class=\"elementor-button elementor-size-sm elementor-animation-grow\" type=\"submit\">\n\t\t\t\t\t\t<span class=\"elementor-button-content-wrapper\">\n\t\t\t\t\t\t\t\t\t\t\t\t\t\t\t\t\t\t\t\t\t\t<span class=\"elementor-button-text\">Submit<\/span>\n\t\t\t\t\t\t\t\t\t\t\t\t\t<\/span>\n\t\t\t\t\t<\/button>\n\t\t\t\t<\/div>\n\t\t\t<\/div>\n\t\t<input type=\"hidden\" name=\"trp-form-language\" value=\"en\"\/><\/form>\n\t\t\t\t\t\t<\/div>\n\t\t\t\t<\/div>\n\t\t\t\t\t<\/div>\n\t\t<\/div>\n\t\t\t\t\t<\/div>\n\t\t<\/section>\n\t\t\t\t<\/div>","protected":false},"excerpt":{"rendered":"<p>Formulaire de satisfaction Merci beaucoup d\u2019avoir pris un moment pour nous dire ce que vous avez pens\u00e9 de notre service. Si vous avez quelques instants de plus, nous aimerions beaucoup conna\u00eetre votre avis plus en d\u00e9tail. Vos commentaires nous aident \u00e0 nous am\u00e9liorer et \u00e0 offrir une meilleure exp\u00e9rience \u00e0 tous nos clients. Notre \u00e9quipe [&hellip;]<\/p>","protected":false},"author":1,"featured_media":2926,"parent":0,"menu_order":0,"comment_status":"closed","ping_status":"closed","template":"elementor_header_footer","meta":{"footnotes":""},"class_list":["post-4909","page","type-page","status-publish","has-post-thumbnail","hentry","entry","has-media"],"yoast_head":"<!-- This site is optimized with the Yoast SEO plugin v25.7 - https:\/\/yoast.com\/wordpress\/plugins\/seo\/ -->\n<title>Formulaire de satisfaction - Confort MH : Climatisation et chauffage<\/title>\n<meta name=\"description\" content=\"Contactez Confort MH pour tous vos besoins en climatisation et chauffage. Formulaire en ligne ou appel direct. (438) 800-4296\" \/>\n<meta name=\"robots\" content=\"index, follow, max-snippet:-1, max-image-preview:large, max-video-preview:-1\" \/>\n<link rel=\"canonical\" href=\"https:\/\/www.confortmh.ca\/en\/formulaire-de-satisfaction\/\" \/>\n<meta property=\"og:locale\" content=\"en_US\" \/>\n<meta property=\"og:type\" content=\"article\" \/>\n<meta property=\"og:title\" content=\"Formulaire de satisfaction - Confort MH : Climatisation et chauffage\" \/>\n<meta property=\"og:description\" content=\"Contactez Confort MH pour tous vos besoins en climatisation et chauffage. Formulaire en ligne ou appel direct. (438) 800-4296\" \/>\n<meta property=\"og:url\" content=\"https:\/\/www.confortmh.ca\/en\/formulaire-de-satisfaction\/\" \/>\n<meta property=\"og:site_name\" content=\"Confort MH\" \/>\n<meta property=\"article:modified_time\" content=\"2025-07-07T18:15:36+00:00\" \/>\n<meta property=\"og:image\" content=\"https:\/\/www.confortmh.ca\/wp-content\/uploads\/2024\/02\/cropped-Confort-MH-35-1.png\" \/>\n\t<meta property=\"og:image:width\" content=\"512\" \/>\n\t<meta property=\"og:image:height\" content=\"512\" \/>\n\t<meta property=\"og:image:type\" content=\"image\/png\" \/>\n<meta name=\"twitter:card\" content=\"summary_large_image\" \/>\n<meta name=\"twitter:label1\" content=\"Est. reading time\" \/>\n\t<meta name=\"twitter:data1\" content=\"1 minute\" \/>\n<script type=\"application\/ld+json\" class=\"yoast-schema-graph\">{\"@context\":\"https:\/\/schema.org\",\"@graph\":[{\"@type\":\"WebPage\",\"@id\":\"https:\/\/www.confortmh.ca\/formulaire-de-satisfaction\/\",\"url\":\"https:\/\/www.confortmh.ca\/formulaire-de-satisfaction\/\",\"name\":\"Formulaire de satisfaction - Confort MH : Climatisation et chauffage\",\"isPartOf\":{\"@id\":\"https:\/\/www.confortmh.ca\/#website\"},\"primaryImageOfPage\":{\"@id\":\"https:\/\/www.confortmh.ca\/formulaire-de-satisfaction\/#primaryimage\"},\"image\":{\"@id\":\"https:\/\/www.confortmh.ca\/formulaire-de-satisfaction\/#primaryimage\"},\"thumbnailUrl\":\"https:\/\/www.confortmh.ca\/wp-content\/uploads\/2024\/02\/cropped-Confort-MH-35-1.png\",\"datePublished\":\"2025-07-07T16:40:28+00:00\",\"dateModified\":\"2025-07-07T18:15:36+00:00\",\"description\":\"Contactez Confort MH pour tous vos besoins en climatisation et chauffage. Formulaire en ligne ou appel direct. (438) 800-4296\",\"breadcrumb\":{\"@id\":\"https:\/\/www.confortmh.ca\/formulaire-de-satisfaction\/#breadcrumb\"},\"inLanguage\":\"en-CA\",\"potentialAction\":[{\"@type\":\"ReadAction\",\"target\":[\"https:\/\/www.confortmh.ca\/formulaire-de-satisfaction\/\"]}]},{\"@type\":\"ImageObject\",\"inLanguage\":\"en-CA\",\"@id\":\"https:\/\/www.confortmh.ca\/formulaire-de-satisfaction\/#primaryimage\",\"url\":\"https:\/\/www.confortmh.ca\/wp-content\/uploads\/2024\/02\/cropped-Confort-MH-35-1.png\",\"contentUrl\":\"https:\/\/www.confortmh.ca\/wp-content\/uploads\/2024\/02\/cropped-Confort-MH-35-1.png\",\"width\":512,\"height\":512},{\"@type\":\"BreadcrumbList\",\"@id\":\"https:\/\/www.confortmh.ca\/formulaire-de-satisfaction\/#breadcrumb\",\"itemListElement\":[{\"@type\":\"ListItem\",\"position\":1,\"name\":\"Accueil\",\"item\":\"https:\/\/www.confortmh.ca\/\"},{\"@type\":\"ListItem\",\"position\":2,\"name\":\"Formulaire de satisfaction\"}]},{\"@type\":\"WebSite\",\"@id\":\"https:\/\/www.confortmh.ca\/#website\",\"url\":\"https:\/\/www.confortmh.ca\/\",\"name\":\"Confort MH\",\"description\":\"Entrepreneur sp\u00e9cialis\u00e9 en climatisation et chauffage\",\"potentialAction\":[{\"@type\":\"SearchAction\",\"target\":{\"@type\":\"EntryPoint\",\"urlTemplate\":\"https:\/\/www.confortmh.ca\/?s={search_term_string}\"},\"query-input\":{\"@type\":\"PropertyValueSpecification\",\"valueRequired\":true,\"valueName\":\"search_term_string\"}}],\"inLanguage\":\"en-CA\"}]}<\/script>\n<!-- \/ Yoast SEO plugin. -->","yoast_head_json":{"title":"Formulaire de satisfaction - Confort MH : Climatisation et chauffage","description":"Contactez Confort MH pour tous vos besoins en climatisation et chauffage. Formulaire en ligne ou appel direct. (438) 800-4296","robots":{"index":"index","follow":"follow","max-snippet":"max-snippet:-1","max-image-preview":"max-image-preview:large","max-video-preview":"max-video-preview:-1"},"canonical":"https:\/\/www.confortmh.ca\/en\/formulaire-de-satisfaction\/","og_locale":"en_US","og_type":"article","og_title":"Formulaire de satisfaction - Confort MH : Climatisation et chauffage","og_description":"Contactez Confort MH pour tous vos besoins en climatisation et chauffage. Formulaire en ligne ou appel direct. (438) 800-4296","og_url":"https:\/\/www.confortmh.ca\/en\/formulaire-de-satisfaction\/","og_site_name":"Confort MH","article_modified_time":"2025-07-07T18:15:36+00:00","og_image":[{"width":512,"height":512,"url":"https:\/\/www.confortmh.ca\/wp-content\/uploads\/2024\/02\/cropped-Confort-MH-35-1.png","type":"image\/png"}],"twitter_card":"summary_large_image","twitter_misc":{"Est. reading time":"1 minute"},"schema":{"@context":"https:\/\/schema.org","@graph":[{"@type":"WebPage","@id":"https:\/\/www.confortmh.ca\/formulaire-de-satisfaction\/","url":"https:\/\/www.confortmh.ca\/formulaire-de-satisfaction\/","name":"Formulaire de satisfaction - Confort MH : Climatisation et chauffage","isPartOf":{"@id":"https:\/\/www.confortmh.ca\/#website"},"primaryImageOfPage":{"@id":"https:\/\/www.confortmh.ca\/formulaire-de-satisfaction\/#primaryimage"},"image":{"@id":"https:\/\/www.confortmh.ca\/formulaire-de-satisfaction\/#primaryimage"},"thumbnailUrl":"https:\/\/www.confortmh.ca\/wp-content\/uploads\/2024\/02\/cropped-Confort-MH-35-1.png","datePublished":"2025-07-07T16:40:28+00:00","dateModified":"2025-07-07T18:15:36+00:00","description":"Contactez Confort MH pour tous vos besoins en climatisation et chauffage. Formulaire en ligne ou appel direct. (438) 800-4296","breadcrumb":{"@id":"https:\/\/www.confortmh.ca\/formulaire-de-satisfaction\/#breadcrumb"},"inLanguage":"en-CA","potentialAction":[{"@type":"ReadAction","target":["https:\/\/www.confortmh.ca\/formulaire-de-satisfaction\/"]}]},{"@type":"ImageObject","inLanguage":"en-CA","@id":"https:\/\/www.confortmh.ca\/formulaire-de-satisfaction\/#primaryimage","url":"https:\/\/www.confortmh.ca\/wp-content\/uploads\/2024\/02\/cropped-Confort-MH-35-1.png","contentUrl":"https:\/\/www.confortmh.ca\/wp-content\/uploads\/2024\/02\/cropped-Confort-MH-35-1.png","width":512,"height":512},{"@type":"BreadcrumbList","@id":"https:\/\/www.confortmh.ca\/formulaire-de-satisfaction\/#breadcrumb","itemListElement":[{"@type":"ListItem","position":1,"name":"Accueil","item":"https:\/\/www.confortmh.ca\/"},{"@type":"ListItem","position":2,"name":"Formulaire de satisfaction"}]},{"@type":"WebSite","@id":"https:\/\/www.confortmh.ca\/#website","url":"https:\/\/www.confortmh.ca\/","name":"Confort MH","description":"Entrepreneur sp\u00e9cialis\u00e9 en climatisation et chauffage","potentialAction":[{"@type":"SearchAction","target":{"@type":"EntryPoint","urlTemplate":"https:\/\/www.confortmh.ca\/?s={search_term_string}"},"query-input":{"@type":"PropertyValueSpecification","valueRequired":true,"valueName":"search_term_string"}}],"inLanguage":"en-CA"}]}},"_links":{"self":[{"href":"https:\/\/www.confortmh.ca\/en\/wp-json\/wp\/v2\/pages\/4909","targetHints":{"allow":["GET"]}}],"collection":[{"href":"https:\/\/www.confortmh.ca\/en\/wp-json\/wp\/v2\/pages"}],"about":[{"href":"https:\/\/www.confortmh.ca\/en\/wp-json\/wp\/v2\/types\/page"}],"author":[{"embeddable":true,"href":"https:\/\/www.confortmh.ca\/en\/wp-json\/wp\/v2\/users\/1"}],"replies":[{"embeddable":true,"href":"https:\/\/www.confortmh.ca\/en\/wp-json\/wp\/v2\/comments?post=4909"}],"version-history":[{"count":18,"href":"https:\/\/www.confortmh.ca\/en\/wp-json\/wp\/v2\/pages\/4909\/revisions"}],"predecessor-version":[{"id":4927,"href":"https:\/\/www.confortmh.ca\/en\/wp-json\/wp\/v2\/pages\/4909\/revisions\/4927"}],"wp:featuredmedia":[{"embeddable":true,"href":"https:\/\/www.confortmh.ca\/en\/wp-json\/wp\/v2\/media\/2926"}],"wp:attachment":[{"href":"https:\/\/www.confortmh.ca\/en\/wp-json\/wp\/v2\/media?parent=4909"}],"curies":[{"name":"wp","href":"https:\/\/api.w.org\/{rel}","templated":true}]}}