{"id":1863,"date":"2023-11-22T21:02:22","date_gmt":"2023-11-22T21:02:22","guid":{"rendered":"https:\/\/www.confortmh.ca\/?page_id=1863"},"modified":"2024-08-20T13:43:48","modified_gmt":"2024-08-20T13:43:48","slug":"financement","status":"publish","type":"page","link":"https:\/\/www.confortmh.ca\/en\/financement\/","title":{"rendered":"Financing"},"content":{"rendered":"<div data-elementor-type=\"wp-page\" data-elementor-id=\"1863\" class=\"elementor elementor-1863\" data-elementor-post-type=\"page\">\n\t\t\t\t\t\t<section class=\"elementor-section elementor-top-section elementor-element elementor-element-f9f1267 elementor-section-boxed elementor-section-height-default elementor-section-height-default\" data-id=\"f9f1267\" data-element_type=\"section\" data-settings=\"{&quot;background_background&quot;:&quot;classic&quot;}\">\n\t\t\t\t\t\t\t<div class=\"elementor-background-overlay\"><\/div>\n\t\t\t\t\t\t\t<div class=\"elementor-container elementor-column-gap-default\">\n\t\t\t\t\t<div class=\"elementor-column elementor-col-100 elementor-top-column elementor-element elementor-element-9de23f1\" data-id=\"9de23f1\" data-element_type=\"column\">\n\t\t\t<div class=\"elementor-widget-wrap elementor-element-populated\">\n\t\t\t\t\t\t<div class=\"elementor-element elementor-element-2f32074 elementor-widget elementor-widget-breadcrumbs\" data-id=\"2f32074\" data-element_type=\"widget\" data-widget_type=\"breadcrumbs.default\">\n\t\t\t\t<div class=\"elementor-widget-container\">\n\t\t\t\t\t<p id=\"breadcrumbs\"><span><span><a href=\"https:\/\/www.confortmh.ca\/en\/\">Home<\/a><\/span><\/span><\/p>\t\t\t\t<\/div>\n\t\t\t\t<\/div>\n\t\t\t\t<div class=\"elementor-element elementor-element-9104089 elementor-widget elementor-widget-heading\" data-id=\"9104089\" data-element_type=\"widget\" data-widget_type=\"heading.default\">\n\t\t\t\t<div class=\"elementor-widget-container\">\n\t\t\t\t\t<h2 class=\"elementor-heading-title elementor-size-default\">FINANCEMENT<\/h2>\t\t\t\t<\/div>\n\t\t\t\t<\/div>\n\t\t\t\t\t<\/div>\n\t\t<\/div>\n\t\t\t\t\t<\/div>\n\t\t<\/section>\n\t\t\t\t<section class=\"elementor-section elementor-top-section elementor-element elementor-element-c6bc16c elementor-section-boxed elementor-section-height-default elementor-section-height-default\" data-id=\"c6bc16c\" data-element_type=\"section\">\n\t\t\t\t\t\t<div class=\"elementor-container elementor-column-gap-default\">\n\t\t\t\t\t<div class=\"elementor-column elementor-col-50 elementor-top-column elementor-element elementor-element-955f074\" data-id=\"955f074\" data-element_type=\"column\">\n\t\t\t<div class=\"elementor-widget-wrap elementor-element-populated\">\n\t\t\t\t\t\t<div class=\"elementor-element elementor-element-dfe13f3 elementor-widget elementor-widget-heading\" data-id=\"dfe13f3\" data-element_type=\"widget\" data-widget_type=\"heading.default\">\n\t\t\t\t<div class=\"elementor-widget-container\">\n\t\t\t\t\t<h2 class=\"elementor-heading-title elementor-size-default\">Financeit<\/h2>\t\t\t\t<\/div>\n\t\t\t\t<\/div>\n\t\t\t\t<div class=\"elementor-element elementor-element-008bd62 elementor-widget elementor-widget-text-editor\" data-id=\"008bd62\" data-element_type=\"widget\" data-widget_type=\"text-editor.default\">\n\t\t\t\t<div class=\"elementor-widget-container\">\n\t\t\t\t\t\t\t\t\t<p>Optez pour un paiement en mensualit\u00e9s chez Confort Mh inc. Demandez un financement jusqu&rsquo;\u00e0 100 000 $ et d\u00e9couvrez si vous \u00eates pr\u00e9-qualifi\u00e9 en quelques secondes. Sans obligation ni engagement.<\/p>\t\t\t\t\t\t\t\t<\/div>\n\t\t\t\t<\/div>\n\t\t\t\t<div class=\"elementor-element elementor-element-314dc19 elementor-widget elementor-widget-button\" data-id=\"314dc19\" data-element_type=\"widget\" data-widget_type=\"button.default\">\n\t\t\t\t<div class=\"elementor-widget-container\">\n\t\t\t\t\t\t\t\t\t<div class=\"elementor-button-wrapper\">\n\t\t\t\t\t<a class=\"elementor-button elementor-button-link elementor-size-md\" href=\"https:\/\/www.financeit.ca\/s\/JDwG4w\">\n\t\t\t\t\t\t<span class=\"elementor-button-content-wrapper\">\n\t\t\t\t\t\t\t\t\t<span class=\"elementor-button-text\">Obtenir du financement<\/span>\n\t\t\t\t\t<\/span>\n\t\t\t\t\t<\/a>\n\t\t\t\t<\/div>\n\t\t\t\t\t\t\t\t<\/div>\n\t\t\t\t<\/div>\n\t\t\t\t\t<\/div>\n\t\t<\/div>\n\t\t\t\t<div class=\"elementor-column elementor-col-50 elementor-top-column elementor-element elementor-element-3ace1f4\" data-id=\"3ace1f4\" data-element_type=\"column\">\n\t\t\t<div class=\"elementor-widget-wrap elementor-element-populated\">\n\t\t\t\t\t\t<div class=\"elementor-element elementor-element-7f9e98c elementor-widget elementor-widget-image\" data-id=\"7f9e98c\" data-element_type=\"widget\" data-widget_type=\"image.default\">\n\t\t\t\t<div class=\"elementor-widget-container\">\n\t\t\t\t\t\t\t\t\t\t\t\t\t\t\t\t<a href=\"https:\/\/www.financeit.ca\/s\/JDwG4w\">\n\t\t\t\t\t\t\t<img fetchpriority=\"high\" decoding=\"async\" width=\"250\" height=\"250\" src=\"https:\/\/www.confortmh.ca\/wp-content\/uploads\/2023\/11\/banner-250x250-No-interest-equal-payments-B-FR.png\" class=\"attachment-full size-full wp-image-1866\" alt=\"Financement Financeit\" srcset=\"https:\/\/www.confortmh.ca\/wp-content\/uploads\/2023\/11\/banner-250x250-No-interest-equal-payments-B-FR.png 250w, https:\/\/www.confortmh.ca\/wp-content\/uploads\/2023\/11\/banner-250x250-No-interest-equal-payments-B-FR-100x100.png 100w, https:\/\/www.confortmh.ca\/wp-content\/uploads\/2023\/11\/banner-250x250-No-interest-equal-payments-B-FR-150x150.png 150w, https:\/\/www.confortmh.ca\/wp-content\/uploads\/2023\/11\/banner-250x250-No-interest-equal-payments-B-FR-12x12.png 12w\" sizes=\"(max-width: 250px) 100vw, 250px\" \/>\t\t\t\t\t\t\t\t<\/a>\n\t\t\t\t\t\t\t\t\t\t\t\t\t\t\t<\/div>\n\t\t\t\t<\/div>\n\t\t\t\t\t<\/div>\n\t\t<\/div>\n\t\t\t\t\t<\/div>\n\t\t<\/section>\n\t\t\t\t<\/div>","protected":false},"excerpt":{"rendered":"<p>FINANCEMENT Financeit Optez pour un paiement en mensualit\u00e9s chez Confort Mh inc. Demandez un financement jusqu&rsquo;\u00e0 100 000 $ et d\u00e9couvrez si vous \u00eates pr\u00e9-qualifi\u00e9 en quelques secondes. Sans obligation ni engagement. Obtenir du financement<\/p>","protected":false},"author":1,"featured_media":1866,"parent":0,"menu_order":0,"comment_status":"closed","ping_status":"closed","template":"elementor_header_footer","meta":{"footnotes":""},"class_list":["post-1863","page","type-page","status-publish","has-post-thumbnail","hentry","entry","has-media"],"yoast_head":"<!-- This site is optimized with the Yoast SEO plugin v25.7 - https:\/\/yoast.com\/wordpress\/plugins\/seo\/ -->\n<title>Financement - Confort MH<\/title>\n<meta name=\"description\" content=\"Paiement en mensualit\u00e9s chez Confort Mh inc. Financement jusqu&#039;\u00e0 100 000 $ avec pr\u00e9-qualification rapide, sans obligation.\" \/>\n<meta name=\"robots\" content=\"index, follow, max-snippet:-1, max-image-preview:large, max-video-preview:-1\" \/>\n<link rel=\"canonical\" href=\"https:\/\/www.confortmh.ca\/en\/financement\/\" \/>\n<meta property=\"og:locale\" content=\"en_US\" \/>\n<meta property=\"og:type\" content=\"article\" \/>\n<meta property=\"og:title\" content=\"Financement - Confort MH\" \/>\n<meta property=\"og:description\" content=\"Paiement en mensualit\u00e9s chez Confort Mh inc. Financement jusqu&#039;\u00e0 100 000 $ avec pr\u00e9-qualification rapide, sans obligation.\" \/>\n<meta property=\"og:url\" content=\"https:\/\/www.confortmh.ca\/en\/financement\/\" \/>\n<meta property=\"og:site_name\" content=\"Confort MH\" \/>\n<meta property=\"article:modified_time\" content=\"2024-08-20T13:43:48+00:00\" \/>\n<meta property=\"og:image\" content=\"https:\/\/www.confortmh.ca\/wp-content\/uploads\/2023\/11\/banner-250x250-No-interest-equal-payments-B-FR.png\" \/>\n\t<meta property=\"og:image:width\" content=\"250\" \/>\n\t<meta property=\"og:image:height\" content=\"250\" \/>\n\t<meta property=\"og:image:type\" content=\"image\/png\" \/>\n<meta name=\"twitter:card\" content=\"summary_large_image\" \/>\n<meta name=\"twitter:label1\" content=\"Est. reading time\" \/>\n\t<meta name=\"twitter:data1\" content=\"1 minute\" \/>\n<script type=\"application\/ld+json\" class=\"yoast-schema-graph\">{\"@context\":\"https:\/\/schema.org\",\"@graph\":[{\"@type\":\"WebPage\",\"@id\":\"https:\/\/www.confortmh.ca\/financement\/\",\"url\":\"https:\/\/www.confortmh.ca\/financement\/\",\"name\":\"Financement - Confort MH\",\"isPartOf\":{\"@id\":\"https:\/\/www.confortmh.ca\/#website\"},\"primaryImageOfPage\":{\"@id\":\"https:\/\/www.confortmh.ca\/financement\/#primaryimage\"},\"image\":{\"@id\":\"https:\/\/www.confortmh.ca\/financement\/#primaryimage\"},\"thumbnailUrl\":\"https:\/\/www.confortmh.ca\/wp-content\/uploads\/2023\/11\/banner-250x250-No-interest-equal-payments-B-FR.png\",\"datePublished\":\"2023-11-22T21:02:22+00:00\",\"dateModified\":\"2024-08-20T13:43:48+00:00\",\"description\":\"Paiement en mensualit\u00e9s chez Confort Mh inc. Financement jusqu'\u00e0 100 000 $ avec pr\u00e9-qualification rapide, sans obligation.\",\"breadcrumb\":{\"@id\":\"https:\/\/www.confortmh.ca\/financement\/#breadcrumb\"},\"inLanguage\":\"en-CA\",\"potentialAction\":[{\"@type\":\"ReadAction\",\"target\":[\"https:\/\/www.confortmh.ca\/financement\/\"]}]},{\"@type\":\"ImageObject\",\"inLanguage\":\"en-CA\",\"@id\":\"https:\/\/www.confortmh.ca\/financement\/#primaryimage\",\"url\":\"https:\/\/www.confortmh.ca\/wp-content\/uploads\/2023\/11\/banner-250x250-No-interest-equal-payments-B-FR.png\",\"contentUrl\":\"https:\/\/www.confortmh.ca\/wp-content\/uploads\/2023\/11\/banner-250x250-No-interest-equal-payments-B-FR.png\",\"width\":250,\"height\":250,\"caption\":\"Financement Financeit\"},{\"@type\":\"BreadcrumbList\",\"@id\":\"https:\/\/www.confortmh.ca\/financement\/#breadcrumb\",\"itemListElement\":[{\"@type\":\"ListItem\",\"position\":1,\"name\":\"Accueil\",\"item\":\"https:\/\/www.confortmh.ca\/\"},{\"@type\":\"ListItem\",\"position\":2,\"name\":\"Financement\"}]},{\"@type\":\"WebSite\",\"@id\":\"https:\/\/www.confortmh.ca\/#website\",\"url\":\"https:\/\/www.confortmh.ca\/\",\"name\":\"Confort MH\",\"description\":\"Entrepreneur sp\u00e9cialis\u00e9 en climatisation et chauffage\",\"potentialAction\":[{\"@type\":\"SearchAction\",\"target\":{\"@type\":\"EntryPoint\",\"urlTemplate\":\"https:\/\/www.confortmh.ca\/?s={search_term_string}\"},\"query-input\":{\"@type\":\"PropertyValueSpecification\",\"valueRequired\":true,\"valueName\":\"search_term_string\"}}],\"inLanguage\":\"en-CA\"}]}<\/script>\n<!-- \/ Yoast SEO plugin. -->","yoast_head_json":{"title":"Financement - Confort MH","description":"Paiement en mensualit\u00e9s chez Confort Mh inc. Financement jusqu'\u00e0 100 000 $ avec pr\u00e9-qualification rapide, sans obligation.","robots":{"index":"index","follow":"follow","max-snippet":"max-snippet:-1","max-image-preview":"max-image-preview:large","max-video-preview":"max-video-preview:-1"},"canonical":"https:\/\/www.confortmh.ca\/en\/financement\/","og_locale":"en_US","og_type":"article","og_title":"Financement - Confort MH","og_description":"Paiement en mensualit\u00e9s chez Confort Mh inc. Financement jusqu'\u00e0 100 000 $ avec pr\u00e9-qualification rapide, sans obligation.","og_url":"https:\/\/www.confortmh.ca\/en\/financement\/","og_site_name":"Confort MH","article_modified_time":"2024-08-20T13:43:48+00:00","og_image":[{"width":250,"height":250,"url":"https:\/\/www.confortmh.ca\/wp-content\/uploads\/2023\/11\/banner-250x250-No-interest-equal-payments-B-FR.png","type":"image\/png"}],"twitter_card":"summary_large_image","twitter_misc":{"Est. reading time":"1 minute"},"schema":{"@context":"https:\/\/schema.org","@graph":[{"@type":"WebPage","@id":"https:\/\/www.confortmh.ca\/financement\/","url":"https:\/\/www.confortmh.ca\/financement\/","name":"Financement - Confort MH","isPartOf":{"@id":"https:\/\/www.confortmh.ca\/#website"},"primaryImageOfPage":{"@id":"https:\/\/www.confortmh.ca\/financement\/#primaryimage"},"image":{"@id":"https:\/\/www.confortmh.ca\/financement\/#primaryimage"},"thumbnailUrl":"https:\/\/www.confortmh.ca\/wp-content\/uploads\/2023\/11\/banner-250x250-No-interest-equal-payments-B-FR.png","datePublished":"2023-11-22T21:02:22+00:00","dateModified":"2024-08-20T13:43:48+00:00","description":"Paiement en mensualit\u00e9s chez Confort Mh inc. Financement jusqu'\u00e0 100 000 $ avec pr\u00e9-qualification rapide, sans obligation.","breadcrumb":{"@id":"https:\/\/www.confortmh.ca\/financement\/#breadcrumb"},"inLanguage":"en-CA","potentialAction":[{"@type":"ReadAction","target":["https:\/\/www.confortmh.ca\/financement\/"]}]},{"@type":"ImageObject","inLanguage":"en-CA","@id":"https:\/\/www.confortmh.ca\/financement\/#primaryimage","url":"https:\/\/www.confortmh.ca\/wp-content\/uploads\/2023\/11\/banner-250x250-No-interest-equal-payments-B-FR.png","contentUrl":"https:\/\/www.confortmh.ca\/wp-content\/uploads\/2023\/11\/banner-250x250-No-interest-equal-payments-B-FR.png","width":250,"height":250,"caption":"Financement Financeit"},{"@type":"BreadcrumbList","@id":"https:\/\/www.confortmh.ca\/financement\/#breadcrumb","itemListElement":[{"@type":"ListItem","position":1,"name":"Accueil","item":"https:\/\/www.confortmh.ca\/"},{"@type":"ListItem","position":2,"name":"Financement"}]},{"@type":"WebSite","@id":"https:\/\/www.confortmh.ca\/#website","url":"https:\/\/www.confortmh.ca\/","name":"Confort MH","description":"Entrepreneur sp\u00e9cialis\u00e9 en climatisation et chauffage","potentialAction":[{"@type":"SearchAction","target":{"@type":"EntryPoint","urlTemplate":"https:\/\/www.confortmh.ca\/?s={search_term_string}"},"query-input":{"@type":"PropertyValueSpecification","valueRequired":true,"valueName":"search_term_string"}}],"inLanguage":"en-CA"}]}},"_links":{"self":[{"href":"https:\/\/www.confortmh.ca\/en\/wp-json\/wp\/v2\/pages\/1863","targetHints":{"allow":["GET"]}}],"collection":[{"href":"https:\/\/www.confortmh.ca\/en\/wp-json\/wp\/v2\/pages"}],"about":[{"href":"https:\/\/www.confortmh.ca\/en\/wp-json\/wp\/v2\/types\/page"}],"author":[{"embeddable":true,"href":"https:\/\/www.confortmh.ca\/en\/wp-json\/wp\/v2\/users\/1"}],"replies":[{"embeddable":true,"href":"https:\/\/www.confortmh.ca\/en\/wp-json\/wp\/v2\/comments?post=1863"}],"version-history":[{"count":29,"href":"https:\/\/www.confortmh.ca\/en\/wp-json\/wp\/v2\/pages\/1863\/revisions"}],"predecessor-version":[{"id":3371,"href":"https:\/\/www.confortmh.ca\/en\/wp-json\/wp\/v2\/pages\/1863\/revisions\/3371"}],"wp:featuredmedia":[{"embeddable":true,"href":"https:\/\/www.confortmh.ca\/en\/wp-json\/wp\/v2\/media\/1866"}],"wp:attachment":[{"href":"https:\/\/www.confortmh.ca\/en\/wp-json\/wp\/v2\/media?parent=1863"}],"curies":[{"name":"wp","href":"https:\/\/api.w.org\/{rel}","templated":true}]}}